{"id":10,"date":"2019-11-22T19:29:47","date_gmt":"2019-11-22T19:29:47","guid":{"rendered":"https:\/\/asesor.progressionstudios.com\/?page_id=10"},"modified":"2022-05-25T17:29:14","modified_gmt":"2022-05-25T17:29:14","slug":"nosotros","status":"publish","type":"page","link":"https:\/\/danzariproducts.com\/es\/nosotros\/","title":{"rendered":"Nosotros"},"content":{"rendered":"\t\t<div data-elementor-type=\"wp-page\" data-elementor-id=\"10\" class=\"elementor elementor-10\">\n\t\t\t\t\t\t<section class=\"elementor-section elementor-top-section elementor-element elementor-element-297d6f4 elementor-section-full_width elementor-section-height-min-height elementor-section-height-default elementor-section-items-middle\" data-id=\"297d6f4\" data-element_type=\"section\" data-e-type=\"section\" data-settings=\"{&quot;background_background&quot;:&quot;slideshow&quot;,&quot;background_slideshow_gallery&quot;:[{&quot;id&quot;:398,&quot;url&quot;:&quot;https:\\\/\\\/danzariproducts.com\\\/wp-content\\\/uploads\\\/2022\\\/05\\\/nosotros_bg.png&quot;}],&quot;background_slideshow_loop&quot;:&quot;yes&quot;,&quot;background_slideshow_slide_duration&quot;:5000,&quot;background_slideshow_slide_transition&quot;:&quot;fade&quot;,&quot;background_slideshow_transition_duration&quot;:500}\">\n\t\t\t\t\t\t<div class=\"elementor-container elementor-column-gap-default\">\n\t\t\t\t\t<div class=\"elementor-column elementor-col-100 elementor-top-column elementor-element elementor-element-ef9d76c\" data-id=\"ef9d76c\" data-element_type=\"column\" data-e-type=\"column\">\n\t\t\t<div class=\"elementor-widget-wrap\">\n\t\t\t\t\t\t\t<\/div>\n\t\t<\/div>\n\t\t\t\t\t<\/div>\n\t\t<\/section>\n\t\t\t\t<section class=\"elementor-section elementor-top-section elementor-element elementor-element-365f9768 elementor-section-content-middle elementor-reverse-mobile elementor-section-boxed elementor-section-height-default elementor-section-height-default\" data-id=\"365f9768\" data-element_type=\"section\" data-e-type=\"section\">\n\t\t\t\t\t\t<div class=\"elementor-container elementor-column-gap-default\">\n\t\t\t\t\t<div class=\"elementor-column elementor-col-50 elementor-top-column elementor-element elementor-element-764bf8f3\" data-id=\"764bf8f3\" data-element_type=\"column\" data-e-type=\"column\">\n\t\t\t<div class=\"elementor-widget-wrap elementor-element-populated\">\n\t\t\t\t\t\t<div class=\"elementor-element elementor-element-1ab78137 elementor-widget elementor-widget-heading\" data-id=\"1ab78137\" data-element_type=\"widget\" data-e-type=\"widget\" data-widget_type=\"heading.default\">\n\t\t\t\t<div class=\"elementor-widget-container\">\n\t\t\t\t\t<h3 class=\"elementor-heading-title elementor-size-default\">Nuestro compromiso<\/h3>\t\t\t\t<\/div>\n\t\t\t\t<\/div>\n\t\t\t\t<div class=\"elementor-element elementor-element-69e0dbb9 elementor-widget elementor-widget-text-editor\" data-id=\"69e0dbb9\" data-element_type=\"widget\" data-e-type=\"widget\" data-widget_type=\"text-editor.default\">\n\t\t\t\t<div class=\"elementor-widget-container\">\n\t\t\t\t\t\t\t\t\t<p>En Danzari products trabajamos arduamente para crear un m\u00e9todo que garantiza la entrega de productos de primera calidad, sin importar la ciudad en la que te encuentres; todo de una manera \u00e1gil y con la confianza de que cada compra que realices, contar\u00e1 con la garant\u00eda de satisfacci\u00f3n total.<\/p>\t\t\t\t\t\t\t\t<\/div>\n\t\t\t\t<\/div>\n\t\t\t\t\t<\/div>\n\t\t<\/div>\n\t\t\t\t<div class=\"elementor-column elementor-col-50 elementor-top-column elementor-element elementor-element-68d5226a\" data-id=\"68d5226a\" data-element_type=\"column\" data-e-type=\"column\">\n\t\t\t<div class=\"elementor-widget-wrap elementor-element-populated\">\n\t\t\t\t\t\t<div class=\"elementor-element elementor-element-1171868c elementor-widget elementor-widget-image\" data-id=\"1171868c\" data-element_type=\"widget\" data-e-type=\"widget\" data-widget_type=\"image.default\">\n\t\t\t\t<div class=\"elementor-widget-container\">\n\t\t\t\t\t\t\t\t\t\t\t\t\t\t\t<img fetchpriority=\"high\" decoding=\"async\" width=\"637\" height=\"537\" src=\"https:\/\/danzariproducts.com\/wp-content\/uploads\/2022\/05\/foto_nosotros.png\" class=\"attachment-large size-large wp-image-399\" alt=\"\" srcset=\"https:\/\/danzariproducts.com\/wp-content\/uploads\/2022\/05\/foto_nosotros.png 637w, https:\/\/danzariproducts.com\/wp-content\/uploads\/2022\/05\/foto_nosotros-300x253.png 300w, https:\/\/danzariproducts.com\/wp-content\/uploads\/2022\/05\/foto_nosotros-600x506.png 600w\" sizes=\"(max-width: 637px) 100vw, 637px\" \/>\t\t\t\t\t\t\t\t\t\t\t\t\t\t\t<\/div>\n\t\t\t\t<\/div>\n\t\t\t\t\t<\/div>\n\t\t<\/div>\n\t\t\t\t\t<\/div>\n\t\t<\/section>\n\t\t\t\t<section class=\"elementor-section elementor-top-section elementor-element elementor-element-60bc5fe6 elementor-section-boxed elementor-section-height-default elementor-section-height-default\" data-id=\"60bc5fe6\" data-element_type=\"section\" data-e-type=\"section\" data-settings=\"{&quot;background_background&quot;:&quot;classic&quot;}\">\n\t\t\t\t\t\t<div class=\"elementor-container elementor-column-gap-default\">\n\t\t\t\t\t<div class=\"elementor-column elementor-col-100 elementor-top-column elementor-element elementor-element-51378735\" data-id=\"51378735\" data-element_type=\"column\" data-e-type=\"column\">\n\t\t\t<div class=\"elementor-widget-wrap elementor-element-populated\">\n\t\t\t\t\t\t<section class=\"elementor-section elementor-inner-section elementor-element elementor-element-66124af7 elementor-section-boxed elementor-section-height-default elementor-section-height-default\" data-id=\"66124af7\" data-element_type=\"section\" data-e-type=\"section\">\n\t\t\t\t\t\t<div class=\"elementor-container elementor-column-gap-default\">\n\t\t\t\t\t<div class=\"elementor-column elementor-col-100 elementor-inner-column elementor-element elementor-element-6a9f118d\" data-id=\"6a9f118d\" data-element_type=\"column\" data-e-type=\"column\">\n\t\t\t<div class=\"elementor-widget-wrap elementor-element-populated\">\n\t\t\t\t\t\t<div class=\"elementor-element elementor-element-6eb94ce9 elementor-widget elementor-widget-heading\" data-id=\"6eb94ce9\" data-element_type=\"widget\" data-e-type=\"widget\" data-widget_type=\"heading.default\">\n\t\t\t\t<div class=\"elementor-widget-container\">\n\t\t\t\t\t<h2 class=\"elementor-heading-title elementor-size-default\">Nuestro equipo<\/h2>\t\t\t\t<\/div>\n\t\t\t\t<\/div>\n\t\t\t\t<div class=\"elementor-element elementor-element-176d4ab2 elementor-widget elementor-widget-heading\" data-id=\"176d4ab2\" data-element_type=\"widget\" data-e-type=\"widget\" data-widget_type=\"heading.default\">\n\t\t\t\t<div class=\"elementor-widget-container\">\n\t\t\t\t\t<p class=\"elementor-heading-title elementor-size-default\">Conoce a las personas que est\u00e1n detr\u00e1s de Danzari Products<\/p>\t\t\t\t<\/div>\n\t\t\t\t<\/div>\n\t\t\t\t\t<\/div>\n\t\t<\/div>\n\t\t\t\t\t<\/div>\n\t\t<\/section>\n\t\t\t\t<section class=\"elementor-section elementor-inner-section elementor-element elementor-element-27c23ccd elementor-section-boxed elementor-section-height-default elementor-section-height-default\" data-id=\"27c23ccd\" data-element_type=\"section\" data-e-type=\"section\">\n\t\t\t\t\t\t<div class=\"elementor-container elementor-column-gap-default\">\n\t\t\t\t\t<div class=\"elementor-column elementor-col-25 elementor-inner-column elementor-element elementor-element-574833ba\" data-id=\"574833ba\" data-element_type=\"column\" data-e-type=\"column\">\n\t\t\t<div class=\"elementor-widget-wrap elementor-element-populated\">\n\t\t\t\t\t\t<div class=\"elementor-element elementor-element-675570cd elementor-widget elementor-widget-boosted-elements-team-member\" data-id=\"675570cd\" data-element_type=\"widget\" data-e-type=\"widget\" data-widget_type=\"boosted-elements-team-member.default\">\n\t\t\t\t<div class=\"elementor-widget-container\">\n\t\t\t\t\t\t\n\t\n\n\t<div class=\"boosted-elements-progression-team-member-container \">\t\n\t\t\n\t \t\t\t\t<div class=\"boosted-elements-team-image\"><div class=\"boosted-elements-team-image-border-shadow\"><img decoding=\"async\" src=\"https:\/\/danzariproducts.com\/wp-content\/uploads\/2022\/05\/Foto_1.png\" alt=\"Esperanza Torres\"><\/div>\n\t\t\n\t\t\t\t\n\t\t\t\t\n\t\t<\/div>\n\t \t\t\n\t \n\t \n\t \t<div class=\"boosted-elements-team-content\">\n\t\t\t\t\t<h4 class=\"boosted-elements-team-heading\"><span >Esperanza Torres<\/span><\/h4>\t\t\t\t\t\t\t\t\t<div class=\"boosted-elements-team-description\"><div >President \/ owner<\/div><\/div>\n\t\t\t\t\n\t\t\n\t\t\t\t\n\t\t\n\t\t\n\t\t\t\t<div class=\"boosted-elements-icons-container\">\n\t\t\t\t\t\t\t\t\t\t\t\t\t\t\t\t\t<a class=\"boosted-elements-team-social\" href=\"mailto:esperanza@danzariproducts.com\" target=\"_blank\" ><i aria-hidden=\"true\" class=\"far fa-envelope\"><\/i><\/a>\n\t\t\t\t\t\t\t\t\t\t\t\t\t\t\t\t\t\t\t\t\t<a class=\"boosted-elements-team-social\" href=\"https:\/\/wa.me\/+15209340870\" target=\"_blank\" ><i aria-hidden=\"true\" class=\"fab fa-whatsapp\"><\/i><\/a>\n\t\t\t\t\t\t\t\t\t<\/div><!-- close .boosted-elements-icons-container -->\n\t\t\t\t\n\t\t<div class=\"clearfix-boosted-element\"><\/div>\n\t\t\n\t<\/div>\n\t\t\n\t<div class=\"clearfix-boosted-element\"><\/div>\n\t\n\t<\/div><!-- close .boosted-elements-progression-team-member-container -->\n\t\n\t\n\t\t\t\t\t<\/div>\n\t\t\t\t<\/div>\n\t\t\t\t\t<\/div>\n\t\t<\/div>\n\t\t\t\t<div class=\"elementor-column elementor-col-25 elementor-inner-column elementor-element elementor-element-d50f587\" data-id=\"d50f587\" data-element_type=\"column\" data-e-type=\"column\">\n\t\t\t<div class=\"elementor-widget-wrap elementor-element-populated\">\n\t\t\t\t\t\t<div class=\"elementor-element elementor-element-5f150dbc elementor-widget elementor-widget-boosted-elements-team-member\" data-id=\"5f150dbc\" data-element_type=\"widget\" data-e-type=\"widget\" data-widget_type=\"boosted-elements-team-member.default\">\n\t\t\t\t<div class=\"elementor-widget-container\">\n\t\t\t\t\t\t\n\t\n\n\t<div class=\"boosted-elements-progression-team-member-container \">\t\n\t\t\n\t \t\t\t\t<div class=\"boosted-elements-team-image\"><div class=\"boosted-elements-team-image-border-shadow\"><img decoding=\"async\" src=\"https:\/\/danzariproducts.com\/wp-content\/uploads\/2022\/05\/Foto_4.png\" alt=\"Eleazar Romero\"><\/div>\n\t\t\n\t\t\t\t\n\t\t\t\t\n\t\t<\/div>\n\t \t\t\n\t \n\t \n\t \t<div class=\"boosted-elements-team-content\">\n\t\t\t\t\t<h4 class=\"boosted-elements-team-heading\"><span >Eleazar Romero<\/span><\/h4>\t\t\t\t\t\t\t\t\t<div class=\"boosted-elements-team-description\"><div >Sales \/ Marketing<\/div><\/div>\n\t\t\t\t\n\t\t\n\t\t\t\t\n\t\t\n\t\t\n\t\t\t\t<div class=\"boosted-elements-icons-container\">\n\t\t\t\t\t\t\t\t\t\t\t\t\t\t\t\t\t<a class=\"boosted-elements-team-social\" href=\"mailto:eleazar@danzariproducts.com\" target=\"_blank\" ><i aria-hidden=\"true\" class=\"far fa-envelope\"><\/i><\/a>\n\t\t\t\t\t\t\t\t\t\t\t\t\t\t\t\t\t\t\t\t\t<a class=\"boosted-elements-team-social\" href=\"https:\/\/wa.me\/+15208413149\" target=\"_blank\" ><i aria-hidden=\"true\" class=\"fab fa-whatsapp\"><\/i><\/a>\n\t\t\t\t\t\t\t\t\t<\/div><!-- close .boosted-elements-icons-container -->\n\t\t\t\t\n\t\t<div class=\"clearfix-boosted-element\"><\/div>\n\t\t\n\t<\/div>\n\t\t\n\t<div class=\"clearfix-boosted-element\"><\/div>\n\t\n\t<\/div><!-- close .boosted-elements-progression-team-member-container -->\n\t\n\t\n\t\t\t\t\t<\/div>\n\t\t\t\t<\/div>\n\t\t\t\t\t<\/div>\n\t\t<\/div>\n\t\t\t\t<div class=\"elementor-column elementor-col-25 elementor-inner-column elementor-element elementor-element-4608f74b\" data-id=\"4608f74b\" data-element_type=\"column\" data-e-type=\"column\">\n\t\t\t<div class=\"elementor-widget-wrap elementor-element-populated\">\n\t\t\t\t\t\t<div class=\"elementor-element elementor-element-1ab60f4b elementor-widget elementor-widget-boosted-elements-team-member\" data-id=\"1ab60f4b\" data-element_type=\"widget\" data-e-type=\"widget\" data-widget_type=\"boosted-elements-team-member.default\">\n\t\t\t\t<div class=\"elementor-widget-container\">\n\t\t\t\t\t\t\n\t\n\n\t<div class=\"boosted-elements-progression-team-member-container \">\t\n\t\t\n\t \t\t\t\t<div class=\"boosted-elements-team-image\"><div class=\"boosted-elements-team-image-border-shadow\"><img decoding=\"async\" src=\"https:\/\/danzariproducts.com\/wp-content\/uploads\/2022\/05\/Foto_2.png\" alt=\"Erika Le\u00f3n\"><\/div>\n\t\t\n\t\t\t\t\n\t\t\t\t\n\t\t<\/div>\n\t \t\t\n\t \n\t \n\t \t<div class=\"boosted-elements-team-content\">\n\t\t\t\t\t<h4 class=\"boosted-elements-team-heading\"><span >Erika Le\u00f3n<\/span><\/h4>\t\t\t\t\t\t\t\t\t<div class=\"boosted-elements-team-description\"><div >Partner \/ Sales<\/div><\/div>\n\t\t\t\t\n\t\t\n\t\t\t\t\n\t\t\n\t\t\n\t\t\t\t<div class=\"boosted-elements-icons-container\">\n\t\t\t\t\t\t\t\t\t\t\t\t\t\t\t\t\t<a class=\"boosted-elements-team-social\" href=\"mailto:erika@mezquitelumber.com\" target=\"_blank\" ><i aria-hidden=\"true\" class=\"far fa-envelope\"><\/i><\/a>\n\t\t\t\t\t\t\t\t\t\t\t\t\t\t\t\t\t\t\t\t\t<a class=\"boosted-elements-team-social\" href=\"https:\/\/wa.me\/+15205003987\" target=\"_blank\" ><i aria-hidden=\"true\" class=\"fab fa-whatsapp\"><\/i><\/a>\n\t\t\t\t\t\t\t\t\t<\/div><!-- close .boosted-elements-icons-container -->\n\t\t\t\t\n\t\t<div class=\"clearfix-boosted-element\"><\/div>\n\t\t\n\t<\/div>\n\t\t\n\t<div class=\"clearfix-boosted-element\"><\/div>\n\t\n\t<\/div><!-- close .boosted-elements-progression-team-member-container -->\n\t\n\t\n\t\t\t\t\t<\/div>\n\t\t\t\t<\/div>\n\t\t\t\t\t<\/div>\n\t\t<\/div>\n\t\t\t\t<div class=\"elementor-column elementor-col-25 elementor-inner-column elementor-element elementor-element-341f76cc\" data-id=\"341f76cc\" data-element_type=\"column\" data-e-type=\"column\">\n\t\t\t<div class=\"elementor-widget-wrap elementor-element-populated\">\n\t\t\t\t\t\t<div class=\"elementor-element elementor-element-39a94cf0 elementor-widget elementor-widget-boosted-elements-team-member\" data-id=\"39a94cf0\" data-element_type=\"widget\" data-e-type=\"widget\" data-widget_type=\"boosted-elements-team-member.default\">\n\t\t\t\t<div class=\"elementor-widget-container\">\n\t\t\t\t\t\t\n\t\n\n\t<div class=\"boosted-elements-progression-team-member-container \">\t\n\t\t\n\t \t\t\t\t<div class=\"boosted-elements-team-image\"><div class=\"boosted-elements-team-image-border-shadow\"><img decoding=\"async\" src=\"https:\/\/danzariproducts.com\/wp-content\/uploads\/2022\/05\/Foto_3.png\" alt=\"Ra\u00fal Holguin\"><\/div>\n\t\t\n\t\t\t\t\n\t\t\t\t\n\t\t<\/div>\n\t \t\t\n\t \n\t \n\t \t<div class=\"boosted-elements-team-content\">\n\t\t\t\t\t<h4 class=\"boosted-elements-team-heading\"><span >Ra\u00fal Holguin<\/span><\/h4>\t\t\t\t\t\t\t\t\t<div class=\"boosted-elements-team-description\"><div >Sales \/ Marketing<\/div><\/div>\n\t\t\t\t\n\t\t\n\t\t\t\t\n\t\t\n\t\t\n\t\t\t\t<div class=\"boosted-elements-icons-container\">\n\t\t\t\t\t\t\t\t\t\t\t\t\t\t\t\t\t<a class=\"boosted-elements-team-social\" href=\"mailto:raulholguin@mezquitelumber.com\" target=\"_blank\" ><i aria-hidden=\"true\" class=\"far fa-envelope\"><\/i><\/a>\n\t\t\t\t\t\t\t\t\t\t\t\t\t\t\t\t\t\t\t\t\t<a class=\"boosted-elements-team-social\" href=\"https:\/\/wa.me\/+15202257126\" target=\"_blank\" ><i aria-hidden=\"true\" class=\"fab fa-whatsapp\"><\/i><\/a>\n\t\t\t\t\t\t\t\t\t<\/div><!-- close .boosted-elements-icons-container -->\n\t\t\t\t\n\t\t<div class=\"clearfix-boosted-element\"><\/div>\n\t\t\n\t<\/div>\n\t\t\n\t<div class=\"clearfix-boosted-element\"><\/div>\n\t\n\t<\/div><!-- close .boosted-elements-progression-team-member-container -->\n\t\n\t\n\t\t\t\t\t<\/div>\n\t\t\t\t<\/div>\n\t\t\t\t\t<\/div>\n\t\t<\/div>\n\t\t\t\t\t<\/div>\n\t\t<\/section>\n\t\t\t\t\t<\/div>\n\t\t<\/div>\n\t\t\t\t\t<\/div>\n\t\t<\/section>\n\t\t\t\t<\/div>\n\t\t","protected":false},"excerpt":{"rendered":"<p>Nuestro compromiso En Danzari products trabajamos arduamente para crear un m\u00e9todo que garantiza la entrega de productos de primera calidad, sin importar la ciudad en la que te encuentres; todo de una manera \u00e1gil y con la confianza de que cada compra que realices, contar\u00e1 con la garant\u00eda de satisfacci\u00f3n total. Nuestro equipo Conoce a [&hellip;]<\/p>\n","protected":false},"author":1,"featured_media":0,"parent":0,"menu_order":0,"comment_status":"closed","ping_status":"closed","template":"","meta":{"footnotes":""},"class_list":["post-10","page","type-page","status-publish","hentry"],"jetpack_sharing_enabled":true,"_links":{"self":[{"href":"https:\/\/danzariproducts.com\/es\/wp-json\/wp\/v2\/pages\/10","targetHints":{"allow":["GET"]}}],"collection":[{"href":"https:\/\/danzariproducts.com\/es\/wp-json\/wp\/v2\/pages"}],"about":[{"href":"https:\/\/danzariproducts.com\/es\/wp-json\/wp\/v2\/types\/page"}],"author":[{"embeddable":true,"href":"https:\/\/danzariproducts.com\/es\/wp-json\/wp\/v2\/users\/1"}],"replies":[{"embeddable":true,"href":"https:\/\/danzariproducts.com\/es\/wp-json\/wp\/v2\/comments?post=10"}],"version-history":[{"count":50,"href":"https:\/\/danzariproducts.com\/es\/wp-json\/wp\/v2\/pages\/10\/revisions"}],"predecessor-version":[{"id":700,"href":"https:\/\/danzariproducts.com\/es\/wp-json\/wp\/v2\/pages\/10\/revisions\/700"}],"wp:attachment":[{"href":"https:\/\/danzariproducts.com\/es\/wp-json\/wp\/v2\/media?parent=10"}],"curies":[{"name":"wp","href":"https:\/\/api.w.org\/{rel}","templated":true}]}}