{"id":703,"date":"2022-05-26T14:58:52","date_gmt":"2022-05-26T14:58:52","guid":{"rendered":"https:\/\/danzariproducts.com\/?post_type=product&#038;p=703"},"modified":"2022-06-02T01:45:33","modified_gmt":"2022-06-02T01:45:33","slug":"cafe-terra-bella-special-blend","status":"publish","type":"product","link":"https:\/\/danzariproducts.com\/es\/producto\/cafe-terra-bella-special-blend\/","title":{"rendered":"Caf\u00e9 Terra Bella mezcla especial"},"content":{"rendered":"","protected":false},"excerpt":{"rendered":"<p>Deliciosa mezcla de caf\u00e9 50% robusta y 50% premium, que le brindan un sabor y cuerpo m\u00e1s intenso.<\/p>\n<p>Los caf\u00e9s Terra Bella son cultivados en el estado de Chiapas, M\u00e9xico, y tostados con le\u00f1a de mezquite de Sonora, M\u00e9xico, lo que hacen que su sabor sea \u00fanico.<\/p>\n","protected":false},"featured_media":727,"template":"","meta":[],"product_brand":[],"product_cat":[],"product_tag":[],"class_list":{"0":"post-703","1":"product","2":"type-product","3":"status-publish","4":"has-post-thumbnail","7":"first","8":"instock","9":"shipping-taxable","10":"purchasable","11":"product-type-simple"},"jetpack_sharing_enabled":true,"_links":{"self":[{"href":"https:\/\/danzariproducts.com\/es\/wp-json\/wp\/v2\/product\/703","targetHints":{"allow":["GET"]}}],"collection":[{"href":"https:\/\/danzariproducts.com\/es\/wp-json\/wp\/v2\/product"}],"about":[{"href":"https:\/\/danzariproducts.com\/es\/wp-json\/wp\/v2\/types\/product"}],"wp:featuredmedia":[{"embeddable":true,"href":"https:\/\/danzariproducts.com\/es\/wp-json\/wp\/v2\/media\/727"}],"wp:attachment":[{"href":"https:\/\/danzariproducts.com\/es\/wp-json\/wp\/v2\/media?parent=703"}],"wp:term":[{"taxonomy":"product_brand","embeddable":true,"href":"https:\/\/danzariproducts.com\/es\/wp-json\/wp\/v2\/product_brand?post=703"},{"taxonomy":"product_cat","embeddable":true,"href":"https:\/\/danzariproducts.com\/es\/wp-json\/wp\/v2\/product_cat?post=703"},{"taxonomy":"product_tag","embeddable":true,"href":"https:\/\/danzariproducts.com\/es\/wp-json\/wp\/v2\/product_tag?post=703"}],"curies":[{"name":"wp","href":"https:\/\/api.w.org\/{rel}","templated":true}]}}