{"id":731,"date":"2022-06-02T01:13:36","date_gmt":"2022-06-02T01:13:36","guid":{"rendered":"https:\/\/danzariproducts.com\/?post_type=product&#038;p=731"},"modified":"2022-06-02T01:40:46","modified_gmt":"2022-06-02T01:40:46","slug":"cafe-terra-bella-arabica","status":"publish","type":"product","link":"https:\/\/danzariproducts.com\/es\/producto\/cafe-terra-bella-arabica\/","title":{"rendered":"Caf\u00e9 Terra Bella tipo Ar\u00e1bica"},"content":{"rendered":"","protected":false},"excerpt":{"rendered":"<p>Si est\u00e1s buscando un caf\u00e9 tipo gourmet con un sabor m\u00e1s dulce, el estilo ar\u00e1bico es una excelente opci\u00f3n para ti,<\/p>\n<p>Los caf\u00e9s Terra Bella son cultivados en el estado de Chiapas, M\u00e9xico, y tostados con le\u00f1a de mezquite de Sonora, M\u00e9xico, lo que hacen que su sabor sea \u00fanico.<\/p>\n","protected":false},"featured_media":733,"template":"","meta":[],"product_brand":[],"product_cat":[],"product_tag":[],"class_list":{"0":"post-731","1":"product","2":"type-product","3":"status-publish","4":"has-post-thumbnail","7":"first","8":"instock","9":"shipping-taxable","10":"purchasable","11":"product-type-simple"},"jetpack_sharing_enabled":true,"_links":{"self":[{"href":"https:\/\/danzariproducts.com\/es\/wp-json\/wp\/v2\/product\/731","targetHints":{"allow":["GET"]}}],"collection":[{"href":"https:\/\/danzariproducts.com\/es\/wp-json\/wp\/v2\/product"}],"about":[{"href":"https:\/\/danzariproducts.com\/es\/wp-json\/wp\/v2\/types\/product"}],"wp:featuredmedia":[{"embeddable":true,"href":"https:\/\/danzariproducts.com\/es\/wp-json\/wp\/v2\/media\/733"}],"wp:attachment":[{"href":"https:\/\/danzariproducts.com\/es\/wp-json\/wp\/v2\/media?parent=731"}],"wp:term":[{"taxonomy":"product_brand","embeddable":true,"href":"https:\/\/danzariproducts.com\/es\/wp-json\/wp\/v2\/product_brand?post=731"},{"taxonomy":"product_cat","embeddable":true,"href":"https:\/\/danzariproducts.com\/es\/wp-json\/wp\/v2\/product_cat?post=731"},{"taxonomy":"product_tag","embeddable":true,"href":"https:\/\/danzariproducts.com\/es\/wp-json\/wp\/v2\/product_tag?post=731"}],"curies":[{"name":"wp","href":"https:\/\/api.w.org\/{rel}","templated":true}]}}