{"id":735,"date":"2022-06-02T01:23:01","date_gmt":"2022-06-02T01:23:01","guid":{"rendered":"https:\/\/danzariproducts.com\/?post_type=product&#038;p=735"},"modified":"2022-06-02T01:42:12","modified_gmt":"2022-06-02T01:42:12","slug":"cafe-terra-bella-robusta","status":"publish","type":"product","link":"https:\/\/danzariproducts.com\/es\/producto\/cafe-terra-bella-robusta\/","title":{"rendered":"Caf\u00e9 Terra Bella tipo Robusta"},"content":{"rendered":"","protected":false},"excerpt":{"rendered":"<p>Si est\u00e1s buscando un caf\u00e9 con una mayor concentraci\u00f3n de cafe\u00edna, el estilo robusta es una excelente opci\u00f3n para ti.<\/p>\n<p>Los caf\u00e9s Terra Bella son cultivados en el estado de Chiapas, M\u00e9xico, y tostados con le\u00f1a de mezquite de Sonora, M\u00e9xico, lo que hacen que su sabor sea \u00fanico.<\/p>\n","protected":false},"featured_media":737,"template":"","meta":[],"product_brand":[],"product_cat":[27],"product_tag":[],"class_list":{"0":"post-735","1":"product","2":"type-product","3":"status-publish","4":"has-post-thumbnail","6":"product_cat-cafe","8":"first","9":"instock","10":"shipping-taxable","11":"purchasable","12":"product-type-simple"},"jetpack_sharing_enabled":true,"_links":{"self":[{"href":"https:\/\/danzariproducts.com\/es\/wp-json\/wp\/v2\/product\/735","targetHints":{"allow":["GET"]}}],"collection":[{"href":"https:\/\/danzariproducts.com\/es\/wp-json\/wp\/v2\/product"}],"about":[{"href":"https:\/\/danzariproducts.com\/es\/wp-json\/wp\/v2\/types\/product"}],"wp:featuredmedia":[{"embeddable":true,"href":"https:\/\/danzariproducts.com\/es\/wp-json\/wp\/v2\/media\/737"}],"wp:attachment":[{"href":"https:\/\/danzariproducts.com\/es\/wp-json\/wp\/v2\/media?parent=735"}],"wp:term":[{"taxonomy":"product_brand","embeddable":true,"href":"https:\/\/danzariproducts.com\/es\/wp-json\/wp\/v2\/product_brand?post=735"},{"taxonomy":"product_cat","embeddable":true,"href":"https:\/\/danzariproducts.com\/es\/wp-json\/wp\/v2\/product_cat?post=735"},{"taxonomy":"product_tag","embeddable":true,"href":"https:\/\/danzariproducts.com\/es\/wp-json\/wp\/v2\/product_tag?post=735"}],"curies":[{"name":"wp","href":"https:\/\/api.w.org\/{rel}","templated":true}]}}