{"id":741,"date":"2022-06-02T01:46:57","date_gmt":"2022-06-02T01:46:57","guid":{"rendered":"https:\/\/danzariproducts.com\/?post_type=product&#038;p=741"},"modified":"2022-06-02T01:53:58","modified_gmt":"2022-06-02T01:53:58","slug":"cafe-terra-bella-premium","status":"publish","type":"product","link":"https:\/\/danzariproducts.com\/es\/producto\/cafe-terra-bella-premium\/","title":{"rendered":"Caf\u00e9 Terra Bella premium"},"content":{"rendered":"","protected":false},"excerpt":{"rendered":"<p>Seleccionamos los mejores granos de caf\u00e9 para brindarte una combinaci\u00f3n de aroma y sabor inolvidable.<\/p>\n<p>Los caf\u00e9s Terra Bella son cultivados en el estado de Chiapas, M\u00e9xico, y tostados con le\u00f1a de mezquite de Sonora, M\u00e9xico, lo que hacen que su sabor sea \u00fanico.<\/p>\n","protected":false},"featured_media":743,"template":"","meta":[],"product_brand":[],"product_cat":[27,27,27],"product_tag":[],"class_list":{"0":"post-741","1":"product","2":"type-product","3":"status-publish","4":"has-post-thumbnail","6":"product_cat-cafe","10":"first","11":"instock","12":"shipping-taxable","13":"purchasable","14":"product-type-simple"},"jetpack_sharing_enabled":true,"_links":{"self":[{"href":"https:\/\/danzariproducts.com\/es\/wp-json\/wp\/v2\/product\/741","targetHints":{"allow":["GET"]}}],"collection":[{"href":"https:\/\/danzariproducts.com\/es\/wp-json\/wp\/v2\/product"}],"about":[{"href":"https:\/\/danzariproducts.com\/es\/wp-json\/wp\/v2\/types\/product"}],"wp:featuredmedia":[{"embeddable":true,"href":"https:\/\/danzariproducts.com\/es\/wp-json\/wp\/v2\/media\/743"}],"wp:attachment":[{"href":"https:\/\/danzariproducts.com\/es\/wp-json\/wp\/v2\/media?parent=741"}],"wp:term":[{"taxonomy":"product_brand","embeddable":true,"href":"https:\/\/danzariproducts.com\/es\/wp-json\/wp\/v2\/product_brand?post=741"},{"taxonomy":"product_cat","embeddable":true,"href":"https:\/\/danzariproducts.com\/es\/wp-json\/wp\/v2\/product_cat?post=741"},{"taxonomy":"product_tag","embeddable":true,"href":"https:\/\/danzariproducts.com\/es\/wp-json\/wp\/v2\/product_tag?post=741"}],"curies":[{"name":"wp","href":"https:\/\/api.w.org\/{rel}","templated":true}]}}